{"id":14,"date":"2015-09-18T19:07:11","date_gmt":"2015-09-18T19:07:11","guid":{"rendered":"http:\/\/kovomikes.cz\/?page_id=14"},"modified":"2017-09-21T06:46:19","modified_gmt":"2017-09-21T06:46:19","slug":"strojovy-park","status":"publish","type":"page","link":"https:\/\/kovomikes.cz\/index.php\/strojovy-park\/","title":{"rendered":"Strojov\u00fd park"},"content":{"rendered":"<section id=\"builder-section-1442818927051\" class=\"builder-section builder-section-first builder-section-text builder-section-last builder-text-columns-3\" style=\"\">\n<h3 class=\"builder-text-section-title\">\n\t\tStrojov\u00fd park\t<\/h3>\n<div class=\"builder-section-content\">\n<div class=\"builder-text-column builder-text-column-1\" id=\"builder-section-1442818927051-column-1\">\n<figure class=\"builder-text-image\">\n\t\t\t\t<img loading=\"lazy\" decoding=\"async\" width=\"312\" height=\"208\" src=\"http:\/\/kovomikes.cz\/wp-content\/uploads\/2016\/04\/lico-lnc-42_2.png\" class=\"attachment-large size-large\" alt=\"\" \/>\t\t\t<\/figure>\n<div class=\"builder-text-content\">\n<p>\u00a0<\/p>\n<p>\u00a0<\/p>\n<p><strong>Soustru\u017een\u00ed:<\/strong><\/p>\n<p><em>CNC Soustruh Lico LNC 42 s podava\u010dem<\/em><\/p>\n<p>Pr\u016fchod v\u0159etenem max.: 42 mm<\/p>\n<p>Ot\u00e1\u010dky: 50-5000 ot\/min\u00a0<\/p>\n<p>Revolverov\u00e1 hlava: 8 poloh<\/p>\n<p>Max. obr\u00e1b\u011bn\u00fd pr\u016fmer: 355 mm<\/p>\n<p>Max. obr\u00e1b\u011bn\u00e1 d\u00e9lka: 165 mm<\/p>\n<p>Extern\u00ed poh\u00e1n\u011bn\u00e9 n\u00e1stroje<\/p>\n<p>\u00a0<\/p>\n<p><em>CNC Soustruh Somab 400<\/em><\/p>\n<p>Pr\u016fchod v\u0159etenem max.: 52 mm<\/p>\n<p>Ot\u00e1\u010dky max.: 3000 ot\/min\u00a0<\/p>\n<p>Multifix up\u00edn\u00e1n\u00ed, bez lunety<\/p>\n<p>Max. obr\u00e1b\u011bn\u00e1 d\u00e9lka:\u00a01000 mm<\/p>\n<p>Max. obr\u00e1b\u011bn\u00fd pr\u016fm\u011br: 400 mm<\/p>\n<p>\u00a0<\/p>\n<p><em>Soustruh SV18R &#8211; 1000<\/em><\/p>\n<\/p><\/div>\n<\/p><\/div>\n<div class=\"builder-text-column builder-text-column-2\" id=\"builder-section-1442818927051-column-2\">\n<figure class=\"builder-text-image\">\n\t\t\t\t<img loading=\"lazy\" decoding=\"async\" width=\"491\" height=\"495\" src=\"http:\/\/kovomikes.cz\/wp-content\/uploads\/2016\/04\/mcv-500.png\" class=\"attachment-large size-large\" alt=\"\" \/>\t\t\t<\/figure>\n<div class=\"builder-text-content\">\n<p><strong>Fr\u00e9zov\u00e1n\u00ed:<\/strong><\/p>\n<p><em>CNC Obr\u00e1b\u011bc\u00ed centru MAS\u00a0MCV 500 <\/em><\/p>\n<p>\u0158\u00edzen\u00e9 osy: 3<\/p>\n<p>Up\u00ednac\u00ed plocha stolu: 800 x 500 mm<\/p>\n<p>Pracovn\u00ed prostor: 500\/500\/500 mm<\/p>\n<p>Max zat\u00ed\u017een\u00ed stolu: 400 kg<\/p>\n<p>Rozsah ot\u00e1\u010dek: 20-8000 ot\/min<\/p>\n<p>Z\u00e1sobn\u00edk n\u00e1stroj\u016f: 21 ks<\/p>\n<p>\u00a0<\/p>\n<p><em>CNC Obr\u00e1b\u011bc\u00ed centru MAS\u00a0MCV\u00a032 <\/em><\/p>\n<p>\u0158\u00edzen\u00e9 osy: 3<\/p>\n<p>Up\u00ednac\u00ed plocha stolu:\u00a0 860 x 320 mm<\/p>\n<p>Pracovn\u00ed prostor: 480x320x300 m<\/p>\n<p>Rozah ot\u00e1\u010dek:\u00a020-6000 ot \/ min<\/p>\n<p>Z\u00e1sobn\u00edk n\u00e1stroj\u016f: 21 ks\u00a0<\/p>\n<p>\u00a0<\/p>\n<p><em>CNC\u00a0Univerz\u00e1ln\u00ed Fr\u00e9zka\u00a0Tos FA4U (retrofit) \u0159\u00edzen\u00ed Mach3<\/em><\/p>\n<p>\u00a0\u0158\u00edzen\u00e9 osy: 4<\/p>\n<p>Up\u00ednac\u00ed plocha stolu:\u00a01600 x\u00a0315 mm<\/p>\n<p>Pracovn\u00ed prostor: 1000\/300\/400 mm<\/p>\n<p>Max zat\u00ed\u017een\u00ed stolu: 400 kg<\/p>\n<p>Rozsah ot\u00e1\u010dek: 32-1400 ot\/min<\/p>\n<p>\u00a0<\/p>\n<p>\u00a0<\/p>\n<\/p><\/div>\n<\/p><\/div>\n<div class=\"builder-text-column builder-text-column-3\" id=\"builder-section-1442818927051-column-3\">\n<figure class=\"builder-text-image\">\n\t\t\t\t<img loading=\"lazy\" decoding=\"async\" width=\"1280\" height=\"720\" src=\"http:\/\/kovomikes.cz\/wp-content\/uploads\/2017\/08\/brh20A.jpg\" class=\"attachment-large size-large\" alt=\"\" \/>\t\t\t<\/figure>\n<div class=\"builder-text-content\">\n<p><strong>Brou\u0161en\u00ed a ostatn\u00ed stroje:<\/strong><\/p>\n<p>Bruska na kulato: Tos 1U<\/p>\n<p>Bruska na plocho: Tos BRH 20A<\/p>\n<p>D\u011bl\u00edc\u00ed pila: \u00a0Forte F250<\/p>\n<p>Vrta\u010dka: \u00a0Tos VS20<\/p>\n<p>Sva\u0159ovac\u00ed stroj: Kuhtreiber Kit 205<\/p>\n<p>Mont\u00e1\u017en\u00ed lis: 1,5 t.\u00a0<\/p>\n<p>\u00a0<\/p>\n<p>\u00a0<\/p>\n<\/p><\/div>\n<\/p><\/div>\n<\/p><\/div>\n<\/section>\n","protected":false},"excerpt":{"rendered":"<p>Strojov\u00fd park \u00a0 \u00a0 Soustru\u017een\u00ed: CNC Soustruh Lico LNC 42 s podava\u010dem Pr\u016fchod v\u0159etenem max.: 42 mm Ot\u00e1\u010dky: 50-5000 ot\/min\u00a0 Revolverov\u00e1 hlava: 8 poloh Max. obr\u00e1b\u011bn\u00fd pr\u016fmer: 355 mm Max. obr\u00e1b\u011bn\u00e1 d\u00e9lka: 165 mm Extern\u00ed poh\u00e1n\u011bn\u00e9 n\u00e1stroje \u00a0 CNC Soustruh Somab 400 Pr\u016fchod v\u0159etenem max.: 52 mm Ot\u00e1\u010dky max.: 3000 ot\/min\u00a0 Multifix up\u00edn\u00e1n\u00ed, bez lunety &hellip;<\/p>\n","protected":false},"author":2,"featured_media":0,"parent":0,"menu_order":0,"comment_status":"closed","ping_status":"closed","template":"template-builder.php","meta":{"footnotes":""},"class_list":["post-14","page","type-page","status-publish","hentry","has-author-avatar"],"_links":{"self":[{"href":"https:\/\/kovomikes.cz\/index.php\/wp-json\/wp\/v2\/pages\/14","targetHints":{"allow":["GET"]}}],"collection":[{"href":"https:\/\/kovomikes.cz\/index.php\/wp-json\/wp\/v2\/pages"}],"about":[{"href":"https:\/\/kovomikes.cz\/index.php\/wp-json\/wp\/v2\/types\/page"}],"author":[{"embeddable":true,"href":"https:\/\/kovomikes.cz\/index.php\/wp-json\/wp\/v2\/users\/2"}],"replies":[{"embeddable":true,"href":"https:\/\/kovomikes.cz\/index.php\/wp-json\/wp\/v2\/comments?post=14"}],"version-history":[{"count":22,"href":"https:\/\/kovomikes.cz\/index.php\/wp-json\/wp\/v2\/pages\/14\/revisions"}],"predecessor-version":[{"id":185,"href":"https:\/\/kovomikes.cz\/index.php\/wp-json\/wp\/v2\/pages\/14\/revisions\/185"}],"wp:attachment":[{"href":"https:\/\/kovomikes.cz\/index.php\/wp-json\/wp\/v2\/media?parent=14"}],"curies":[{"name":"wp","href":"https:\/\/api.w.org\/{rel}","templated":true}]}}