{"id":16,"date":"2015-09-18T19:14:24","date_gmt":"2015-09-18T19:14:24","guid":{"rendered":"http:\/\/kovomikes.cz\/?page_id=16"},"modified":"2017-08-27T09:33:53","modified_gmt":"2017-08-27T09:33:53","slug":"jednoucelove-stroje","status":"publish","type":"page","link":"https:\/\/kovomikes.cz\/index.php\/jednoucelove-stroje\/","title":{"rendered":"Jedno\u00fa\u010delov\u00e9 stroje"},"content":{"rendered":"<section id=\"builder-section-1503826186725\" class=\"builder-section builder-section-first builder-section-gallery builder-section-last builder-gallery-columns-3 builder-gallery-captions-reveal builder-gallery-captions-light builder-gallery-aspect-square\" style=\"\">\n<h3 class=\"builder-gallery-section-title\">\n\t\tBruska na odjehlen\u00ed a le\u0161t\u011bn\u00ed poch 6HR matic\t<\/h3>\n<div class=\"builder-section-content\">\n<div class=\"builder-gallery-item\" onclick=\"return false;\">\n<figure class=\"builder-gallery-image\" style=\"background-image: url(&#039;http:\/\/kovomikes.cz\/wp-content\/uploads\/2017\/08\/DSCF1515.jpg&#039;);\"><\/figure>\n<\/p><\/div>\n<div class=\"builder-gallery-item last-2\" onclick=\"return false;\">\n<figure class=\"builder-gallery-image\" style=\"background-image: url(&#039;http:\/\/kovomikes.cz\/wp-content\/uploads\/2017\/08\/DSCF1523.jpg&#039;);\"><\/figure>\n<\/p><\/div>\n<div class=\"builder-gallery-item last-3\" onclick=\"return false;\">\n<figure class=\"builder-gallery-image\" style=\"background-image: url(&#039;http:\/\/kovomikes.cz\/wp-content\/uploads\/2017\/08\/DSCF1519.jpg&#039;);\"><\/figure>\n<\/p><\/div>\n<div class=\"builder-gallery-item last-2\" onclick=\"return false;\">\n<figure class=\"builder-gallery-image\" style=\"background-image: url(&#039;http:\/\/kovomikes.cz\/wp-content\/uploads\/2017\/08\/DSCF1517.jpg&#039;);\"><\/figure>\n<\/p><\/div>\n<div class=\"builder-gallery-item\" onclick=\"return false;\">\n<figure class=\"builder-gallery-image\" style=\"background-image: url(&#039;http:\/\/kovomikes.cz\/wp-content\/uploads\/2017\/08\/DSCF1520.jpg&#039;);\"><\/figure>\n<\/p><\/div>\n<div class=\"builder-gallery-item last-3 last-2\" onclick=\"return false;\">\n<figure class=\"builder-gallery-image\" style=\"background-image: url(&#039;http:\/\/kovomikes.cz\/wp-content\/uploads\/2017\/08\/DSCF1518.jpg&#039;);\"><\/figure>\n<\/p><\/div>\n<div class=\"builder-gallery-item\" onclick=\"return false;\">\n<figure class=\"builder-gallery-image\" style=\"background-image: url(&#039;http:\/\/kovomikes.cz\/wp-content\/uploads\/2017\/08\/DSCF1524.jpg&#039;);\"><\/figure>\n<\/p><\/div>\n<div class=\"builder-gallery-item last-2\" onclick=\"return false;\">\n<figure class=\"builder-gallery-image\" style=\"background-image: url(&#039;http:\/\/kovomikes.cz\/wp-content\/uploads\/2017\/08\/DSCF1521.jpg&#039;);\"><\/figure>\n<\/p><\/div>\n<div class=\"builder-gallery-item last-3\" onclick=\"return false;\">\n<figure class=\"builder-gallery-image\" style=\"background-image: url(&#039;http:\/\/kovomikes.cz\/wp-content\/uploads\/2017\/08\/DSCF1516.jpg&#039;);\"><\/figure>\n<\/p><\/div>\n<\/p><\/div>\n<\/section>\n","protected":false},"excerpt":{"rendered":"<p>Bruska na odjehlen\u00ed a le\u0161t\u011bn\u00ed poch 6HR matic<\/p>\n","protected":false},"author":2,"featured_media":0,"parent":0,"menu_order":0,"comment_status":"closed","ping_status":"closed","template":"template-builder.php","meta":{"footnotes":""},"class_list":["post-16","page","type-page","status-publish","hentry","has-author-avatar"],"_links":{"self":[{"href":"https:\/\/kovomikes.cz\/index.php\/wp-json\/wp\/v2\/pages\/16","targetHints":{"allow":["GET"]}}],"collection":[{"href":"https:\/\/kovomikes.cz\/index.php\/wp-json\/wp\/v2\/pages"}],"about":[{"href":"https:\/\/kovomikes.cz\/index.php\/wp-json\/wp\/v2\/types\/page"}],"author":[{"embeddable":true,"href":"https:\/\/kovomikes.cz\/index.php\/wp-json\/wp\/v2\/users\/2"}],"replies":[{"embeddable":true,"href":"https:\/\/kovomikes.cz\/index.php\/wp-json\/wp\/v2\/comments?post=16"}],"version-history":[{"count":8,"href":"https:\/\/kovomikes.cz\/index.php\/wp-json\/wp\/v2\/pages\/16\/revisions"}],"predecessor-version":[{"id":162,"href":"https:\/\/kovomikes.cz\/index.php\/wp-json\/wp\/v2\/pages\/16\/revisions\/162"}],"wp:attachment":[{"href":"https:\/\/kovomikes.cz\/index.php\/wp-json\/wp\/v2\/media?parent=16"}],"curies":[{"name":"wp","href":"https:\/\/api.w.org\/{rel}","templated":true}]}}