{"id":18,"date":"2015-09-18T19:15:03","date_gmt":"2015-09-18T19:15:03","guid":{"rendered":"http:\/\/kovomikes.cz\/?page_id=18"},"modified":"2017-09-21T06:53:54","modified_gmt":"2017-09-21T06:53:54","slug":"retrofity","status":"publish","type":"page","link":"https:\/\/kovomikes.cz\/index.php\/retrofity\/","title":{"rendered":"Retrofity"},"content":{"rendered":"<section id=\"builder-section-1442818887114\" class=\"builder-section builder-section-first builder-section-text builder-section-last builder-text-columns-2\" style=\"\">\n<div class=\"builder-section-content\">\n<div class=\"builder-text-column builder-text-column-1\" id=\"builder-section-1442818887114-column-1\">\n<figure class=\"builder-text-image\">\n\t\t\t\t<img loading=\"lazy\" decoding=\"async\" width=\"585\" height=\"420\" src=\"http:\/\/kovomikes.cz\/wp-content\/uploads\/2017\/08\/fa4u.png\" class=\"attachment-large size-large\" alt=\"\" \/>\t\t\t<\/figure>\n<div class=\"builder-text-content\">\n<p><strong>CNC Fr\u00e9zka Tos Fa4u:<\/strong><\/p>\n<p>Stroj z roku 1959\u00a0 byl perfektn\u00ed volbou, jak si otestovat retrofit v praxi. Konven\u010dn\u00ed\u00a0velice tuh\u00e1 ma\u0161ina s kvalitn\u00ed litinou ur\u010den\u00e1 pro hrubov\u00e1n\u00ed odlitk\u016f,\u00a0horizont\u00e1ln\u00ed i vertik\u00e1ln\u00ed obr\u00e1b\u011bn\u00ed, v\u010d obr\u00e1\u017e\u011bc\u00ed hlavy. Stroj byl p\u016fvodn\u011b \u00a0osazen trap\u00e9zov\u00fdm \u0161roubem a matic\u00ed. V ose X a Y nahrazeno kuli\u010dkov\u00fdm \u0161roubem a matic\u00ed. K \u0159\u00edzen\u00ed byl pou\u017eit nejroz\u0161\u00ed\u0159en\u011bj\u0161\u00ed CNC \u0159\u00edd\u00edc\u00ed syst\u00e9m Mach3. Historky\u00a0o tom, \u017ee Mach3 je \u0161patn\u00fd, neuzn\u00e1v\u00e1m. D\u016fvodem je neust\u00e1le dokola\u00a0kop\u00edrovan\u00e1 \u010d\u00ednsk\u00e1 \u0159\u00edd\u00edc\u00ed karta na 5V (brzy bude k prodeji p\u0159ipravena na\u0161e vlastn\u00ed \u0159\u00edd\u00edc\u00ed karta na 24V po\u0159\u00e1dn\u011b odd\u011blen\u00e1). Moment\u00e1ln\u011b je stroj 4-os\u00fd, (pracujeme na 5<span style=\"color: #171717; background-color: #ffffff;\">&#8211;<\/span>ose). Pohony jsou od fi. Leadshine. Namontov\u00e1n byl centr\u00e1ln\u00ed mazac\u00ed syst\u00e9m od\u00a0fi. Wogel. P\u0159ipravujeme frekven\u010dn\u00ed m\u011bni\u010d pro plynulou zm\u011bnu ot\u00e1\u010dek, krytov\u00e1n\u00ed stroje,\u00a0vyv\u00e1\u017ee\u010d \u0161pon,\u00a0atd. V\u0161e co je standardem na profi cnc stroj\u00edch, ale v hodnot\u00e1ch tis.\u00a0k\u010d a ne v\u00a0tis. euro.<\/p>\n<\/p><\/div>\n<\/p><\/div>\n<div class=\"builder-text-column builder-text-column-2\" id=\"builder-section-1442818887114-column-2\">\n<figure class=\"builder-text-image\">\n\t\t\t\t<img loading=\"lazy\" decoding=\"async\" width=\"640\" height=\"480\" src=\"http:\/\/kovomikes.cz\/wp-content\/uploads\/2017\/08\/DSCF1288.jpg\" class=\"attachment-large size-large\" alt=\"\" \/>\t\t\t<\/figure>\n<div class=\"builder-text-content\">\n<p><strong>CNC Soustruh:<\/strong><\/p>\n<p>Stroj meziv\u00e1le\u010dn\u00e9 doby byl p\u0159estav\u011bn na 3-os\u00fd stroj. Tzn. osa X, Z a polohov\u00e1n\u00ed v\u0159etene pro obr\u00e1b\u011bn\u00ed d\u0159eva a m\u011bkk\u00fdch materi\u00e1l\u016f, v\u010d. ods\u00e1van\u00e9ho obr\u00e1b\u011bc\u00edho prostoru. Tlak na cenu n\u00e1s op\u011bt p\u0159ivedl k cnc \u0159\u00edzen\u00ed Mach3 s pohony Leadshine.<\/p>\n<\/p><\/div>\n<\/p><\/div>\n<\/p><\/div>\n<\/section>\n","protected":false},"excerpt":{"rendered":"<p>CNC Fr\u00e9zka Tos Fa4u: Stroj z roku 1959\u00a0 byl perfektn\u00ed volbou, jak si otestovat retrofit v praxi. Konven\u010dn\u00ed\u00a0velice tuh\u00e1 ma\u0161ina s kvalitn\u00ed litinou ur\u010den\u00e1 pro hrubov\u00e1n\u00ed odlitk\u016f,\u00a0horizont\u00e1ln\u00ed i vertik\u00e1ln\u00ed obr\u00e1b\u011bn\u00ed, v\u010d obr\u00e1\u017e\u011bc\u00ed hlavy. Stroj byl p\u016fvodn\u011b \u00a0osazen trap\u00e9zov\u00fdm \u0161roubem a matic\u00ed. V ose X a Y nahrazeno kuli\u010dkov\u00fdm \u0161roubem a matic\u00ed. K \u0159\u00edzen\u00ed byl pou\u017eit &hellip;<\/p>\n","protected":false},"author":2,"featured_media":0,"parent":0,"menu_order":0,"comment_status":"closed","ping_status":"closed","template":"template-builder.php","meta":{"footnotes":""},"class_list":["post-18","page","type-page","status-publish","hentry","has-author-avatar"],"_links":{"self":[{"href":"https:\/\/kovomikes.cz\/index.php\/wp-json\/wp\/v2\/pages\/18","targetHints":{"allow":["GET"]}}],"collection":[{"href":"https:\/\/kovomikes.cz\/index.php\/wp-json\/wp\/v2\/pages"}],"about":[{"href":"https:\/\/kovomikes.cz\/index.php\/wp-json\/wp\/v2\/types\/page"}],"author":[{"embeddable":true,"href":"https:\/\/kovomikes.cz\/index.php\/wp-json\/wp\/v2\/users\/2"}],"replies":[{"embeddable":true,"href":"https:\/\/kovomikes.cz\/index.php\/wp-json\/wp\/v2\/comments?post=18"}],"version-history":[{"count":12,"href":"https:\/\/kovomikes.cz\/index.php\/wp-json\/wp\/v2\/pages\/18\/revisions"}],"predecessor-version":[{"id":186,"href":"https:\/\/kovomikes.cz\/index.php\/wp-json\/wp\/v2\/pages\/18\/revisions\/186"}],"wp:attachment":[{"href":"https:\/\/kovomikes.cz\/index.php\/wp-json\/wp\/v2\/media?parent=18"}],"curies":[{"name":"wp","href":"https:\/\/api.w.org\/{rel}","templated":true}]}}