{"id":2,"date":"2015-08-05T09:46:28","date_gmt":"2015-08-05T09:46:28","guid":{"rendered":"http:\/\/kovomikes.cz\/?page_id=2"},"modified":"2017-09-21T06:41:06","modified_gmt":"2017-09-21T06:41:06","slug":"sample-page","status":"publish","type":"page","link":"https:\/\/kovomikes.cz\/","title":{"rendered":"\u00davod"},"content":{"rendered":"<section id=\"builder-section-1503818724136\" class=\"builder-section  builder-section-first builder-section-banner builder-section-last\" style=\"\">\n<h3 class=\"builder-banner-section-title\">\n\t\tKovomike\u0161 prov\u00e1d\u00ed kompletn\u00ed n\u00e1vrh, v\u00fdrobu a mont\u00e1\u017e stroj\u016f, obr\u00e1b\u011bn\u00ed d\u00edlc\u016f na CNC a konven\u010dn\u00edch stroj\u00edch, p\u0159estavby a modernizace stroj\u016f, \u0161kolen\u00ed a technologickou podporu v\u00fdroby v \u0159\u00edd\u00edc\u00edm syst\u00e9mu Heidenhain a Mach3.\t<\/h3>\n<div class=\"builder-section-content\">\n<div class=\"builder-banner-slide content-position-none\" style=\"background-image: url(&#039;http:\/\/kovomikes.cz\/wp-content\/uploads\/2017\/08\/DSCF1522.jpg&#039;);\">\n<div class=\"builder-banner-content\">\n<div class=\"builder-banner-inner-content\">\n<p>\u00a0<\/p>\n<div>\u00a0<\/div>\n<\/p><\/div>\n<\/p><\/div>\n<\/p><\/div>\n<\/p><\/div>\n<\/section>\n","protected":false},"excerpt":{"rendered":"<p>Kovomike\u0161 prov\u00e1d\u00ed kompletn\u00ed n\u00e1vrh, v\u00fdrobu a mont\u00e1\u017e stroj\u016f, obr\u00e1b\u011bn\u00ed d\u00edlc\u016f na CNC a konven\u010dn\u00edch stroj\u00edch, p\u0159estavby a modernizace stroj\u016f, \u0161kolen\u00ed a technologickou podporu v\u00fdroby v \u0159\u00edd\u00edc\u00edm syst\u00e9mu Heidenhain a Mach3. \u00a0 \u00a0<\/p>\n","protected":false},"author":1,"featured_media":0,"parent":0,"menu_order":0,"comment_status":"closed","ping_status":"closed","template":"template-builder.php","meta":{"footnotes":""},"class_list":["post-2","page","type-page","status-publish","hentry","has-author-avatar"],"_links":{"self":[{"href":"https:\/\/kovomikes.cz\/index.php\/wp-json\/wp\/v2\/pages\/2","targetHints":{"allow":["GET"]}}],"collection":[{"href":"https:\/\/kovomikes.cz\/index.php\/wp-json\/wp\/v2\/pages"}],"about":[{"href":"https:\/\/kovomikes.cz\/index.php\/wp-json\/wp\/v2\/types\/page"}],"author":[{"embeddable":true,"href":"https:\/\/kovomikes.cz\/index.php\/wp-json\/wp\/v2\/users\/1"}],"replies":[{"embeddable":true,"href":"https:\/\/kovomikes.cz\/index.php\/wp-json\/wp\/v2\/comments?post=2"}],"version-history":[{"count":41,"href":"https:\/\/kovomikes.cz\/index.php\/wp-json\/wp\/v2\/pages\/2\/revisions"}],"predecessor-version":[{"id":182,"href":"https:\/\/kovomikes.cz\/index.php\/wp-json\/wp\/v2\/pages\/2\/revisions\/182"}],"wp:attachment":[{"href":"https:\/\/kovomikes.cz\/index.php\/wp-json\/wp\/v2\/media?parent=2"}],"curies":[{"name":"wp","href":"https:\/\/api.w.org\/{rel}","templated":true}]}}