{"id":44,"date":"2016-04-27T08:37:47","date_gmt":"2016-04-27T08:37:47","guid":{"rendered":"http:\/\/kovomikes.cz\/?page_id=44"},"modified":"2017-09-21T06:43:31","modified_gmt":"2017-09-21T06:43:31","slug":"kovoobrabeni","status":"publish","type":"page","link":"https:\/\/kovomikes.cz\/index.php\/kovoobrabeni\/","title":{"rendered":"Kovoobr\u00e1b\u011bn\u00ed"},"content":{"rendered":"<section id=\"builder-section-1461746202688\" class=\"builder-section builder-section-first builder-section-text builder-section-next-text builder-text-columns-3\" style=\"\">\n<div class=\"builder-section-content\">\n<div class=\"builder-text-column builder-text-column-1\" id=\"builder-section-1461746202688-column-1\">\n\t\t\t\t\t\t\t\t\t\t\t\t\t\t<\/div>\n<div class=\"builder-text-column builder-text-column-2\" id=\"builder-section-1461746202688-column-2\">\n\t\t\t\t\t\t\t\t\t\t\t\t\t\t<\/div>\n<div class=\"builder-text-column builder-text-column-3\" id=\"builder-section-1461746202688-column-3\">\n\t\t\t\t\t\t\t\t\t\t\t\t\t\t<\/div>\n<\/p><\/div>\n<\/section>\n<section id=\"builder-section-1461751054263\" class=\"builder-section builder-section-prev-text builder-section-text builder-section-last builder-text-columns-3\" style=\"\">\n<h3 class=\"builder-text-section-title\">\n\t\tKovomike\u0161 se zab\u00fdv\u00e1 zak\u00e1zkovou kusovou a malos\u00e9riovou v\u00fdrobou. Obr\u00e1b\u00edme dural, mosaz, nerez, ocel a kompozity.\t<\/h3>\n<div class=\"builder-section-content\">\n<div class=\"builder-text-column builder-text-column-1\" id=\"builder-section-1461751054263-column-1\">\n<figure class=\"builder-text-image\">\n\t\t\t\t<img loading=\"lazy\" decoding=\"async\" width=\"750\" height=\"500\" src=\"http:\/\/kovomikes.cz\/wp-content\/uploads\/2017\/08\/1547_big.jpg\" class=\"attachment-large size-large\" alt=\"\" \/>\t\t\t<\/figure>\n<div class=\"builder-text-content\">\n<p><strong>Soustru\u017een\u00ed<\/strong><\/p>\n<p>Prov\u00e1d\u00edme\u00a0do pr\u016fm\u011bru\u00a0400 mm a d\u00e9lky 1000 mm, dle v\u00fdkresov\u00e9 dokumentace. Minim\u00e1ln\u00ed po\u010det nen\u00ed omezen.<\/p>\n<p>\u00a0<\/p>\n<\/p><\/div>\n<\/p><\/div>\n<div class=\"builder-text-column builder-text-column-2\" id=\"builder-section-1461751054263-column-2\">\n<figure class=\"builder-text-image\">\n\t\t\t\t<img loading=\"lazy\" decoding=\"async\" width=\"640\" height=\"428\" src=\"http:\/\/kovomikes.cz\/wp-content\/uploads\/2017\/08\/P1160072.jpg\" class=\"attachment-large size-large\" alt=\"\" \/>\t\t\t<\/figure>\n<div class=\"builder-text-content\">\n<p><strong>Fr\u00e9zov\u00e1n\u00ed<\/strong><\/p>\n<p>Realizujeme na CNC univerz\u00e1ln\u00ed fr\u00e9zce a svisl\u00fdch obr\u00e1b\u011bc\u00edch centrech.<\/p>\n<\/p><\/div>\n<\/p><\/div>\n<div class=\"builder-text-column builder-text-column-3\" id=\"builder-section-1461751054263-column-3\">\n<figure class=\"builder-text-image\">\n\t\t\t\t<img loading=\"lazy\" decoding=\"async\" width=\"640\" height=\"480\" src=\"http:\/\/kovomikes.cz\/wp-content\/uploads\/2017\/08\/IMG_20170217_114655.jpg\" class=\"attachment-large size-large\" alt=\"\" \/>\t\t\t<\/figure>\n<div class=\"builder-text-content\">\n<p><strong>Brou\u0161en\u00ed na plocho a na kulato.\u00a0\u00a0Tepeln\u00e9 zpracov\u00e1n\u00ed a povrchov\u00e9 \u00fapravy.<\/strong><\/p>\n<p>Tepeln\u00e9 zpracov\u00e1n\u00ed a povrchov\u00e9 \u00fapravy jsou zaji\u0161tov\u00e1ny v kooperaci.<\/p>\n<\/p><\/div>\n<\/p><\/div>\n<\/p><\/div>\n<\/section>\n","protected":false},"excerpt":{"rendered":"<p>Kovomike\u0161 se zab\u00fdv\u00e1 zak\u00e1zkovou kusovou a malos\u00e9riovou v\u00fdrobou. Obr\u00e1b\u00edme dural, mosaz, nerez, ocel a kompozity. Soustru\u017een\u00ed Prov\u00e1d\u00edme\u00a0do pr\u016fm\u011bru\u00a0400 mm a d\u00e9lky 1000 mm, dle v\u00fdkresov\u00e9 dokumentace. Minim\u00e1ln\u00ed po\u010det nen\u00ed omezen. \u00a0 Fr\u00e9zov\u00e1n\u00ed Realizujeme na CNC univerz\u00e1ln\u00ed fr\u00e9zce a svisl\u00fdch obr\u00e1b\u011bc\u00edch centrech. Brou\u0161en\u00ed na plocho a na kulato.\u00a0\u00a0Tepeln\u00e9 zpracov\u00e1n\u00ed a povrchov\u00e9 \u00fapravy. Tepeln\u00e9 zpracov\u00e1n\u00ed a povrchov\u00e9 &hellip;<\/p>\n","protected":false},"author":2,"featured_media":0,"parent":0,"menu_order":0,"comment_status":"closed","ping_status":"closed","template":"template-builder.php","meta":{"footnotes":""},"class_list":["post-44","page","type-page","status-publish","hentry","has-author-avatar"],"_links":{"self":[{"href":"https:\/\/kovomikes.cz\/index.php\/wp-json\/wp\/v2\/pages\/44","targetHints":{"allow":["GET"]}}],"collection":[{"href":"https:\/\/kovomikes.cz\/index.php\/wp-json\/wp\/v2\/pages"}],"about":[{"href":"https:\/\/kovomikes.cz\/index.php\/wp-json\/wp\/v2\/types\/page"}],"author":[{"embeddable":true,"href":"https:\/\/kovomikes.cz\/index.php\/wp-json\/wp\/v2\/users\/2"}],"replies":[{"embeddable":true,"href":"https:\/\/kovomikes.cz\/index.php\/wp-json\/wp\/v2\/comments?post=44"}],"version-history":[{"count":22,"href":"https:\/\/kovomikes.cz\/index.php\/wp-json\/wp\/v2\/pages\/44\/revisions"}],"predecessor-version":[{"id":184,"href":"https:\/\/kovomikes.cz\/index.php\/wp-json\/wp\/v2\/pages\/44\/revisions\/184"}],"wp:attachment":[{"href":"https:\/\/kovomikes.cz\/index.php\/wp-json\/wp\/v2\/media?parent=44"}],"curies":[{"name":"wp","href":"https:\/\/api.w.org\/{rel}","templated":true}]}}