{"id":47,"date":"2016-04-27T08:40:51","date_gmt":"2016-04-27T08:40:51","guid":{"rendered":"http:\/\/kovomikes.cz\/?page_id=47"},"modified":"2017-09-21T06:56:25","modified_gmt":"2017-09-21T06:56:25","slug":"vyrobni-program","status":"publish","type":"page","link":"https:\/\/kovomikes.cz\/index.php\/vyrobni-program\/","title":{"rendered":"V\u00fdrobn\u00ed program"},"content":{"rendered":"<section id=\"builder-section-1461746557080\" class=\"builder-section builder-section-first builder-section-text builder-section-last builder-text-columns-2\" style=\"\">\n<h3 class=\"builder-text-section-title\">\n\t\tP\u0159\u00edpravkov\u00e1 deska + p\u0159esn\u00e9 sv\u011br\u00e1ky, nejlevn\u011bj\u0161\u00ed upnut\u00ed obrobku na trhu\t<\/h3>\n<div class=\"builder-section-content\">\n<div class=\"builder-text-column builder-text-column-1\" id=\"builder-section-1461746557080-column-1\">\n<figure class=\"builder-text-image\">\n\t\t\t\t<img loading=\"lazy\" decoding=\"async\" width=\"2048\" height=\"1536\" src=\"http:\/\/kovomikes.cz\/wp-content\/uploads\/2017\/08\/IMG_20170130_095150.jpg\" class=\"attachment-large size-large\" alt=\"\" \/>\t\t\t<\/figure>\n<div class=\"builder-text-content\">\n<p>P\u0159\u00edpravkov\u00e1 deska je dod\u00e1v\u00e1na v r\u016fzn\u00fdch rozm\u011brech a konfigurac\u00edch.\u00a0 Velikost sv\u011br\u00e1k\u016f 80 mm \u0161\u00ed\u0159e, rozev\u0159en\u00ed 100 mm. Sv\u011br\u00e1ky jsou opat\u0159eny vod\u00edc\u00edmi kameny velikosti 16 mm. \u010celisti je\u00a0mo\u017en\u00e9 dodat m\u011bkk\u00e9, kalen\u00e9, zoubkovan\u00e9, atd.. Rozte\u010d p\u0159estav\u011bn\u00ed sv\u011br\u00e1k\u016f v rastru 15 mm. Na desku 440&#215;440 mo\u017eno upnout 1-8 sv\u011br\u00e1k\u016f.<\/p>\n<\/p><\/div>\n<\/p><\/div>\n<div class=\"builder-text-column builder-text-column-2\" id=\"builder-section-1461746557080-column-2\">\n<figure class=\"builder-text-image\">\n\t\t\t\t<img loading=\"lazy\" decoding=\"async\" width=\"2048\" height=\"1536\" src=\"http:\/\/kovomikes.cz\/wp-content\/uploads\/2017\/08\/IMG_20170129_202808.jpg\" class=\"attachment-large size-large\" alt=\"\" \/>\t\t\t<\/figure>\n<div class=\"builder-text-content\">\n<p>Upnut\u00ed ke stolu stroje p\u0159es vod\u00edc\u00ed komeny 16 mm \u010di 18 mm.<\/p>\n<\/p><\/div>\n<\/p><\/div>\n<\/p><\/div>\n<\/section>\n","protected":false},"excerpt":{"rendered":"<p>P\u0159\u00edpravkov\u00e1 deska + p\u0159esn\u00e9 sv\u011br\u00e1ky, nejlevn\u011bj\u0161\u00ed upnut\u00ed obrobku na trhu P\u0159\u00edpravkov\u00e1 deska je dod\u00e1v\u00e1na v r\u016fzn\u00fdch rozm\u011brech a konfigurac\u00edch.\u00a0 Velikost sv\u011br\u00e1k\u016f 80 mm \u0161\u00ed\u0159e, rozev\u0159en\u00ed 100 mm. Sv\u011br\u00e1ky jsou opat\u0159eny vod\u00edc\u00edmi kameny velikosti 16 mm. \u010celisti je\u00a0mo\u017en\u00e9 dodat m\u011bkk\u00e9, kalen\u00e9, zoubkovan\u00e9, atd.. Rozte\u010d p\u0159estav\u011bn\u00ed sv\u011br\u00e1k\u016f v rastru 15 mm. Na desku 440&#215;440 mo\u017eno upnout 1-8 &hellip;<\/p>\n","protected":false},"author":2,"featured_media":0,"parent":0,"menu_order":0,"comment_status":"closed","ping_status":"closed","template":"template-builder.php","meta":{"footnotes":""},"class_list":["post-47","page","type-page","status-publish","hentry","has-author-avatar"],"_links":{"self":[{"href":"https:\/\/kovomikes.cz\/index.php\/wp-json\/wp\/v2\/pages\/47","targetHints":{"allow":["GET"]}}],"collection":[{"href":"https:\/\/kovomikes.cz\/index.php\/wp-json\/wp\/v2\/pages"}],"about":[{"href":"https:\/\/kovomikes.cz\/index.php\/wp-json\/wp\/v2\/types\/page"}],"author":[{"embeddable":true,"href":"https:\/\/kovomikes.cz\/index.php\/wp-json\/wp\/v2\/users\/2"}],"replies":[{"embeddable":true,"href":"https:\/\/kovomikes.cz\/index.php\/wp-json\/wp\/v2\/comments?post=47"}],"version-history":[{"count":5,"href":"https:\/\/kovomikes.cz\/index.php\/wp-json\/wp\/v2\/pages\/47\/revisions"}],"predecessor-version":[{"id":187,"href":"https:\/\/kovomikes.cz\/index.php\/wp-json\/wp\/v2\/pages\/47\/revisions\/187"}],"wp:attachment":[{"href":"https:\/\/kovomikes.cz\/index.php\/wp-json\/wp\/v2\/media?parent=47"}],"curies":[{"name":"wp","href":"https:\/\/api.w.org\/{rel}","templated":true}]}}