{"id":6,"date":"2015-09-10T13:24:51","date_gmt":"2015-09-10T13:24:51","guid":{"rendered":"http:\/\/kovomikes.cz\/?page_id=6"},"modified":"2020-08-20T14:13:56","modified_gmt":"2020-08-20T14:13:56","slug":"kontakt","status":"publish","type":"page","link":"https:\/\/kovomikes.cz\/index.php\/kontakt\/","title":{"rendered":"Kontakt"},"content":{"rendered":"<section id=\"builder-section-1441896119496\" class=\"builder-section builder-section-first builder-section-text builder-section-next-banner builder-text-columns-3\" style=\"\">\n<div class=\"builder-section-content\">\n<div class=\"builder-text-column builder-text-column-1\" id=\"builder-section-1441896119496-column-1\">\n<div class=\"builder-text-content\">\n<p>Kontaktn\u00ed osoba:<\/p>\n<p>Ing. Mik\u0161\u00e1tko Petr<\/p>\n<p>Tel: 776 169 237<\/p>\n<p>Email: info@kovomikes.cz<\/p>\n<p>\u00a0<\/p>\n<p>\u00a0<\/p>\n<p>\u00a0<\/p>\n<p>\u00a0<\/p>\n<p>\u00a0<\/p>\n<p>\u00a0<\/p>\n<\/p><\/div>\n<\/p><\/div>\n<div class=\"builder-text-column builder-text-column-2\" id=\"builder-section-1441896119496-column-2\">\n<div class=\"builder-text-content\">\n<p>Provozovna:<\/p>\n<p>\u010cakov 7<\/p>\n<p>257 24 \u010cakov &#8211; Chocerady<\/p>\n<p>Exit 34 Bene\u0161ov, S\u00e1zava<\/p>\n<p>\u00a0<\/p>\n<\/p><\/div>\n<\/p><\/div>\n<div class=\"builder-text-column builder-text-column-3\" id=\"builder-section-1441896119496-column-3\">\n<div class=\"builder-text-content\">\n<p>Faktura\u010dn\u00ed \u00fadaje:<\/p>\n<p>Mik\u0161\u00e1tko Petr<\/p>\n<p>\u010cakov 7<\/p>\n<p>257 24 Chocerady<\/p>\n<p>\u010cesk\u00e1 republika<\/p>\n<p>I\u010cO: 75319462<\/p>\n<p>DI\u010c: CZ8401191744<\/p>\n<p>\u00a0<\/p>\n<\/p><\/div>\n<\/p><\/div>\n<\/p><\/div>\n<\/section>\n<section id=\"builder-section-1442604770909\" class=\"builder-section  builder-section-prev-text builder-section-banner builder-section-last\" style=\"\">\n<div class=\"builder-section-content\">\n\t\t\t\t\t\t\t<\/div>\n<\/section>\n","protected":false},"excerpt":{"rendered":"<p>Kontaktn\u00ed osoba: Ing. Mik\u0161\u00e1tko Petr Tel: 776 169 237 Email: info@kovomikes.cz \u00a0 \u00a0 \u00a0 \u00a0 \u00a0 \u00a0 Provozovna: \u010cakov 7 257 24 \u010cakov &#8211; Chocerady Exit 34 Bene\u0161ov, S\u00e1zava \u00a0 Faktura\u010dn\u00ed \u00fadaje: Mik\u0161\u00e1tko Petr \u010cakov 7 257 24 Chocerady \u010cesk\u00e1 republika I\u010cO: 75319462 DI\u010c: CZ8401191744 \u00a0<\/p>\n","protected":false},"author":1,"featured_media":0,"parent":0,"menu_order":0,"comment_status":"closed","ping_status":"closed","template":"template-builder.php","meta":{"footnotes":""},"class_list":["post-6","page","type-page","status-publish","hentry","has-author-avatar"],"_links":{"self":[{"href":"https:\/\/kovomikes.cz\/index.php\/wp-json\/wp\/v2\/pages\/6","targetHints":{"allow":["GET"]}}],"collection":[{"href":"https:\/\/kovomikes.cz\/index.php\/wp-json\/wp\/v2\/pages"}],"about":[{"href":"https:\/\/kovomikes.cz\/index.php\/wp-json\/wp\/v2\/types\/page"}],"author":[{"embeddable":true,"href":"https:\/\/kovomikes.cz\/index.php\/wp-json\/wp\/v2\/users\/1"}],"replies":[{"embeddable":true,"href":"https:\/\/kovomikes.cz\/index.php\/wp-json\/wp\/v2\/comments?post=6"}],"version-history":[{"count":13,"href":"https:\/\/kovomikes.cz\/index.php\/wp-json\/wp\/v2\/pages\/6\/revisions"}],"predecessor-version":[{"id":191,"href":"https:\/\/kovomikes.cz\/index.php\/wp-json\/wp\/v2\/pages\/6\/revisions\/191"}],"wp:attachment":[{"href":"https:\/\/kovomikes.cz\/index.php\/wp-json\/wp\/v2\/media?parent=6"}],"curies":[{"name":"wp","href":"https:\/\/api.w.org\/{rel}","templated":true}]}}